{"id":997,"date":"2023-01-19T09:58:04","date_gmt":"2023-01-19T09:58:04","guid":{"rendered":"https:\/\/we-care-hotels.local\/accueil\/"},"modified":"2024-11-14T15:52:49","modified_gmt":"2024-11-14T15:52:49","slug":"accueil","status":"publish","type":"page","link":"https:\/\/hotelalize.be\/nl\/","title":{"rendered":"Welkom"},"content":{"rendered":"","protected":false},"excerpt":{"rendered":"","protected":false},"author":1,"featured_media":0,"parent":0,"menu_order":0,"comment_status":"closed","ping_status":"closed","template":"","meta":{"_acf_changed":false,"footnotes":""},"class_list":["post-997","page","type-page","status-publish","hentry"],"acf":[],"yoast_head":"<!-- This site is optimized with the Yoast SEO plugin v25.1 - https:\/\/yoast.com\/wordpress\/plugins\/seo\/ -->\n<title>Welkom - WeCareHotels - Aliz\u00e9<\/title>\n<meta name=\"description\" content=\"R\u00e9servez votre s\u00e9jour \u00e0 l&#039;H\u00f4tel &amp; Aparth\u00f4tel Aliz\u00e9 Mouscron, que ce soit pour un voyage d&#039;affaires ou pour passer un moment de relaxation\" \/>\n<meta name=\"robots\" content=\"index, follow, max-snippet:-1, max-image-preview:large, max-video-preview:-1\" \/>\n<link rel=\"canonical\" href=\"https:\/\/hotelalize.be\/nl\/\" \/>\n<meta property=\"og:locale\" content=\"nl_NL\" \/>\n<meta property=\"og:type\" content=\"article\" \/>\n<meta property=\"og:title\" content=\"Welkom - WeCareHotels - Aliz\u00e9\" \/>\n<meta property=\"og:description\" content=\"R\u00e9servez votre s\u00e9jour \u00e0 l&#039;H\u00f4tel &amp; Aparth\u00f4tel Aliz\u00e9 Mouscron, que ce soit pour un voyage d&#039;affaires ou pour passer un moment de relaxation\" \/>\n<meta property=\"og:url\" content=\"https:\/\/hotelalize.be\/nl\/\" \/>\n<meta property=\"og:site_name\" content=\"WeCareHotels - Aliz\u00e9\" \/>\n<meta property=\"article:modified_time\" content=\"2024-11-14T15:52:49+00:00\" \/>\n<meta name=\"twitter:card\" content=\"summary_large_image\" \/>\n<script type=\"application\/ld+json\" class=\"yoast-schema-graph\">{\"@context\":\"https:\/\/schema.org\",\"@graph\":[{\"@type\":\"WebPage\",\"@id\":\"https:\/\/hotelalize.be\/nl\/\",\"url\":\"https:\/\/hotelalize.be\/nl\/\",\"name\":\"Welkom - WeCareHotels - Aliz\u00e9\",\"isPartOf\":{\"@id\":\"https:\/\/hotelalize.be\/nl\/#website\"},\"datePublished\":\"2023-01-19T09:58:04+00:00\",\"dateModified\":\"2024-11-14T15:52:49+00:00\",\"description\":\"R\u00e9servez votre s\u00e9jour \u00e0 l'H\u00f4tel & Aparth\u00f4tel Aliz\u00e9 Mouscron, que ce soit pour un voyage d'affaires ou pour passer un moment de relaxation\",\"breadcrumb\":{\"@id\":\"https:\/\/hotelalize.be\/nl\/#breadcrumb\"},\"inLanguage\":\"nl-NL\",\"potentialAction\":[{\"@type\":\"ReadAction\",\"target\":[\"https:\/\/hotelalize.be\/nl\/\"]}]},{\"@type\":\"BreadcrumbList\",\"@id\":\"https:\/\/hotelalize.be\/nl\/#breadcrumb\",\"itemListElement\":[{\"@type\":\"ListItem\",\"position\":1,\"name\":\"Home\",\"item\":\"https:\/\/hotelalize.be\/nl\/\"},{\"@type\":\"ListItem\",\"position\":2,\"name\":\"Welkom\"}]},{\"@type\":\"WebSite\",\"@id\":\"https:\/\/hotelalize.be\/nl\/#website\",\"url\":\"https:\/\/hotelalize.be\/nl\/\",\"name\":\"WeCareHotels - Aliz\u00e9\",\"description\":\"Where hospitality meets heart\",\"potentialAction\":[{\"@type\":\"SearchAction\",\"target\":{\"@type\":\"EntryPoint\",\"urlTemplate\":\"https:\/\/hotelalize.be\/nl\/?s={search_term_string}\"},\"query-input\":{\"@type\":\"PropertyValueSpecification\",\"valueRequired\":true,\"valueName\":\"search_term_string\"}}],\"inLanguage\":\"nl-NL\"}]}<\/script>\n<!-- \/ Yoast SEO plugin. -->","yoast_head_json":{"title":"Welkom - WeCareHotels - Aliz\u00e9","description":"R\u00e9servez votre s\u00e9jour \u00e0 l'H\u00f4tel & Aparth\u00f4tel Aliz\u00e9 Mouscron, que ce soit pour un voyage d'affaires ou pour passer un moment de relaxation","robots":{"index":"index","follow":"follow","max-snippet":"max-snippet:-1","max-image-preview":"max-image-preview:large","max-video-preview":"max-video-preview:-1"},"canonical":"https:\/\/hotelalize.be\/nl\/","og_locale":"nl_NL","og_type":"article","og_title":"Welkom - WeCareHotels - Aliz\u00e9","og_description":"R\u00e9servez votre s\u00e9jour \u00e0 l'H\u00f4tel & Aparth\u00f4tel Aliz\u00e9 Mouscron, que ce soit pour un voyage d'affaires ou pour passer un moment de relaxation","og_url":"https:\/\/hotelalize.be\/nl\/","og_site_name":"WeCareHotels - Aliz\u00e9","article_modified_time":"2024-11-14T15:52:49+00:00","twitter_card":"summary_large_image","schema":{"@context":"https:\/\/schema.org","@graph":[{"@type":"WebPage","@id":"https:\/\/hotelalize.be\/nl\/","url":"https:\/\/hotelalize.be\/nl\/","name":"Welkom - WeCareHotels - Aliz\u00e9","isPartOf":{"@id":"https:\/\/hotelalize.be\/nl\/#website"},"datePublished":"2023-01-19T09:58:04+00:00","dateModified":"2024-11-14T15:52:49+00:00","description":"R\u00e9servez votre s\u00e9jour \u00e0 l'H\u00f4tel & Aparth\u00f4tel Aliz\u00e9 Mouscron, que ce soit pour un voyage d'affaires ou pour passer un moment de relaxation","breadcrumb":{"@id":"https:\/\/hotelalize.be\/nl\/#breadcrumb"},"inLanguage":"nl-NL","potentialAction":[{"@type":"ReadAction","target":["https:\/\/hotelalize.be\/nl\/"]}]},{"@type":"BreadcrumbList","@id":"https:\/\/hotelalize.be\/nl\/#breadcrumb","itemListElement":[{"@type":"ListItem","position":1,"name":"Home","item":"https:\/\/hotelalize.be\/nl\/"},{"@type":"ListItem","position":2,"name":"Welkom"}]},{"@type":"WebSite","@id":"https:\/\/hotelalize.be\/nl\/#website","url":"https:\/\/hotelalize.be\/nl\/","name":"WeCareHotels - Aliz\u00e9","description":"Where hospitality meets heart","potentialAction":[{"@type":"SearchAction","target":{"@type":"EntryPoint","urlTemplate":"https:\/\/hotelalize.be\/nl\/?s={search_term_string}"},"query-input":{"@type":"PropertyValueSpecification","valueRequired":true,"valueName":"search_term_string"}}],"inLanguage":"nl-NL"}]}},"_links":{"self":[{"href":"https:\/\/hotelalize.be\/nl\/wp-json\/wp\/v2\/pages\/997","targetHints":{"allow":["GET"]}}],"collection":[{"href":"https:\/\/hotelalize.be\/nl\/wp-json\/wp\/v2\/pages"}],"about":[{"href":"https:\/\/hotelalize.be\/nl\/wp-json\/wp\/v2\/types\/page"}],"author":[{"embeddable":true,"href":"https:\/\/hotelalize.be\/nl\/wp-json\/wp\/v2\/users\/1"}],"replies":[{"embeddable":true,"href":"https:\/\/hotelalize.be\/nl\/wp-json\/wp\/v2\/comments?post=997"}],"version-history":[{"count":92,"href":"https:\/\/hotelalize.be\/nl\/wp-json\/wp\/v2\/pages\/997\/revisions"}],"predecessor-version":[{"id":2413,"href":"https:\/\/hotelalize.be\/nl\/wp-json\/wp\/v2\/pages\/997\/revisions\/2413"}],"wp:attachment":[{"href":"https:\/\/hotelalize.be\/nl\/wp-json\/wp\/v2\/media?parent=997"}],"curies":[{"name":"wp","href":"https:\/\/api.w.org\/{rel}","templated":true}]}}